{"id":1043,"date":"2021-07-05T10:53:51","date_gmt":"2021-07-05T10:53:51","guid":{"rendered":"https:\/\/kyper.drt-group.com\/?post_type=product&#038;p=1043"},"modified":"2021-07-06T07:24:09","modified_gmt":"2021-07-06T07:24:09","slug":"viseira-kyper-com-sistema-de-ventilacao","status":"publish","type":"product","link":"https:\/\/kyper.drt-group.com\/en\/product\/viseira-kyper-com-sistema-de-ventilacao\/","title":{"rendered":"KYPER face shield with ventilation system"},"content":{"rendered":"","protected":false},"excerpt":{"rendered":"<p>Developed to increase the protection index and to improve thermal and visual comfort.<br \/>\nIts ventilation and filter system makes it possible to renew the air and to reduce the risk of fogging.<\/p>\n","protected":false},"featured_media":1058,"comment_status":"closed","ping_status":"closed","template":"","meta":[],"product_cat":[24],"product_tag":[],"yoast_head":"<!-- This site is optimized with the Yoast SEO plugin v20.0 - https:\/\/yoast.com\/wordpress\/plugins\/seo\/ -->\n<title>KYPER face shield with ventilation system - Kyper<\/title>\n<meta name=\"description\" content=\"Desenvolvida no Grupo DRT a Viseira de prote\u00e7\u00e3o \u00e9 indicada para utiliza\u00e7\u00e3o em meio social, laboral e de atendimento ao p\u00fablico. Adquira aqui a sua.\" \/>\n<meta name=\"robots\" content=\"index, follow, max-snippet:-1, max-image-preview:large, max-video-preview:-1\" \/>\n<link rel=\"canonical\" href=\"https:\/\/kyper.drt-group.com\/product\/viseira-kyper-com-sistema-de-ventilacao\/\" \/>\n<meta property=\"og:locale\" content=\"en_US\" \/>\n<meta property=\"og:type\" content=\"article\" \/>\n<meta property=\"og:title\" content=\"KYPER face shield with ventilation system - Kyper\" \/>\n<meta property=\"og:description\" content=\"Desenvolvida no Grupo DRT a Viseira de prote\u00e7\u00e3o \u00e9 indicada para utiliza\u00e7\u00e3o em meio social, laboral e de atendimento ao p\u00fablico. Adquira aqui a sua.\" \/>\n<meta property=\"og:url\" content=\"https:\/\/kyper.drt-group.com\/product\/viseira-kyper-com-sistema-de-ventilacao\/\" \/>\n<meta property=\"og:site_name\" content=\"Kyper\" \/>\n<meta property=\"article:modified_time\" content=\"2021-07-06T07:24:09+00:00\" \/>\n<meta property=\"og:image\" content=\"https:\/\/kyper.drt-group.com\/wp-content\/uploads\/Viseira-kyper-sistema-ventilacao-verde-01.jpg\" \/>\n\t<meta property=\"og:image:width\" content=\"1200\" \/>\n\t<meta property=\"og:image:height\" content=\"1200\" \/>\n\t<meta property=\"og:image:type\" content=\"image\/jpeg\" \/>\n<meta name=\"twitter:card\" content=\"summary_large_image\" \/>\n<meta name=\"twitter:label1\" content=\"Est. reading time\" \/>\n\t<meta name=\"twitter:data1\" content=\"1 minute\" \/>\n<script type=\"application\/ld+json\" class=\"yoast-schema-graph\">{\"@context\":\"https:\/\/schema.org\",\"@graph\":[{\"@type\":\"WebPage\",\"@id\":\"https:\/\/kyper.drt-group.com\/product\/viseira-kyper-com-sistema-de-ventilacao\/\",\"url\":\"https:\/\/kyper.drt-group.com\/product\/viseira-kyper-com-sistema-de-ventilacao\/\",\"name\":\"[:pt]Viseira Kyper com sistema de ventila\u00e7\u00e3o[:en]KYPER face shield with ventilation system[:fr]Visi\u00e8re Kyper avec syst\u00e8me de ventilation[:] - Kyper\",\"isPartOf\":{\"@id\":\"https:\/\/kyper.drt-group.com\/#website\"},\"datePublished\":\"2021-07-05T10:53:51+00:00\",\"dateModified\":\"2021-07-06T07:24:09+00:00\",\"description\":\"Desenvolvida no Grupo DRT a Viseira de prote\u00e7\u00e3o \u00e9 indicada para utiliza\u00e7\u00e3o em meio social, laboral e de atendimento ao p\u00fablico. Adquira aqui a sua.\",\"breadcrumb\":{\"@id\":\"https:\/\/kyper.drt-group.com\/product\/viseira-kyper-com-sistema-de-ventilacao\/#breadcrumb\"},\"inLanguage\":\"en-US\",\"potentialAction\":[{\"@type\":\"ReadAction\",\"target\":[\"https:\/\/kyper.drt-group.com\/product\/viseira-kyper-com-sistema-de-ventilacao\/\"]}]},{\"@type\":\"BreadcrumbList\",\"@id\":\"https:\/\/kyper.drt-group.com\/product\/viseira-kyper-com-sistema-de-ventilacao\/#breadcrumb\",\"itemListElement\":[{\"@type\":\"ListItem\",\"position\":1,\"name\":\"Home\",\"item\":\"https:\/\/kyper.drt-group.com\/\"},{\"@type\":\"ListItem\",\"position\":2,\"name\":\"Produtos\",\"item\":\"https:\/\/kyper.drt-group.com\/shop-kyper\/\"},{\"@type\":\"ListItem\",\"position\":3,\"name\":\"Viseira Kyper com sistema de ventila\u00e7\u00e3o\"}]},{\"@type\":\"WebSite\",\"@id\":\"https:\/\/kyper.drt-group.com\/#website\",\"url\":\"https:\/\/kyper.drt-group.com\/\",\"name\":\"Kyper\",\"description\":\"Viseira de prote\u00e7\u00e3o individual DRT\",\"potentialAction\":[{\"@type\":\"SearchAction\",\"target\":{\"@type\":\"EntryPoint\",\"urlTemplate\":\"https:\/\/kyper.drt-group.com\/?s={search_term_string}\"},\"query-input\":\"required name=search_term_string\"}],\"inLanguage\":\"en-US\"}]}<\/script>\n<!-- \/ Yoast SEO plugin. -->","yoast_head_json":{"title":"KYPER face shield with ventilation system - Kyper","description":"Desenvolvida no Grupo DRT a Viseira de prote\u00e7\u00e3o \u00e9 indicada para utiliza\u00e7\u00e3o em meio social, laboral e de atendimento ao p\u00fablico. Adquira aqui a sua.","robots":{"index":"index","follow":"follow","max-snippet":"max-snippet:-1","max-image-preview":"max-image-preview:large","max-video-preview":"max-video-preview:-1"},"canonical":"https:\/\/kyper.drt-group.com\/product\/viseira-kyper-com-sistema-de-ventilacao\/","og_locale":"en_US","og_type":"article","og_title":"KYPER face shield with ventilation system - Kyper","og_description":"Desenvolvida no Grupo DRT a Viseira de prote\u00e7\u00e3o \u00e9 indicada para utiliza\u00e7\u00e3o em meio social, laboral e de atendimento ao p\u00fablico. Adquira aqui a sua.","og_url":"https:\/\/kyper.drt-group.com\/product\/viseira-kyper-com-sistema-de-ventilacao\/","og_site_name":"Kyper","article_modified_time":"2021-07-06T07:24:09+00:00","og_image":[{"width":1200,"height":1200,"url":"https:\/\/kyper.drt-group.com\/wp-content\/uploads\/Viseira-kyper-sistema-ventilacao-verde-01.jpg","type":"image\/jpeg"}],"twitter_card":"summary_large_image","twitter_misc":{"Est. reading time":"1 minute"},"schema":{"@context":"https:\/\/schema.org","@graph":[{"@type":"WebPage","@id":"https:\/\/kyper.drt-group.com\/product\/viseira-kyper-com-sistema-de-ventilacao\/","url":"https:\/\/kyper.drt-group.com\/product\/viseira-kyper-com-sistema-de-ventilacao\/","name":"[:pt]Viseira Kyper com sistema de ventila\u00e7\u00e3o[:en]KYPER face shield with ventilation system[:fr]Visi\u00e8re Kyper avec syst\u00e8me de ventilation[:] - Kyper","isPartOf":{"@id":"https:\/\/kyper.drt-group.com\/#website"},"datePublished":"2021-07-05T10:53:51+00:00","dateModified":"2021-07-06T07:24:09+00:00","description":"Desenvolvida no Grupo DRT a Viseira de prote\u00e7\u00e3o \u00e9 indicada para utiliza\u00e7\u00e3o em meio social, laboral e de atendimento ao p\u00fablico. Adquira aqui a sua.","breadcrumb":{"@id":"https:\/\/kyper.drt-group.com\/product\/viseira-kyper-com-sistema-de-ventilacao\/#breadcrumb"},"inLanguage":"en-US","potentialAction":[{"@type":"ReadAction","target":["https:\/\/kyper.drt-group.com\/product\/viseira-kyper-com-sistema-de-ventilacao\/"]}]},{"@type":"BreadcrumbList","@id":"https:\/\/kyper.drt-group.com\/product\/viseira-kyper-com-sistema-de-ventilacao\/#breadcrumb","itemListElement":[{"@type":"ListItem","position":1,"name":"Home","item":"https:\/\/kyper.drt-group.com\/"},{"@type":"ListItem","position":2,"name":"Produtos","item":"https:\/\/kyper.drt-group.com\/shop-kyper\/"},{"@type":"ListItem","position":3,"name":"Viseira Kyper com sistema de ventila\u00e7\u00e3o"}]},{"@type":"WebSite","@id":"https:\/\/kyper.drt-group.com\/#website","url":"https:\/\/kyper.drt-group.com\/","name":"Kyper","description":"Viseira de prote\u00e7\u00e3o individual DRT","potentialAction":[{"@type":"SearchAction","target":{"@type":"EntryPoint","urlTemplate":"https:\/\/kyper.drt-group.com\/?s={search_term_string}"},"query-input":"required name=search_term_string"}],"inLanguage":"en-US"}]}},"_links":{"self":[{"href":"https:\/\/kyper.drt-group.com\/en\/wp-json\/wp\/v2\/product\/1043"}],"collection":[{"href":"https:\/\/kyper.drt-group.com\/en\/wp-json\/wp\/v2\/product"}],"about":[{"href":"https:\/\/kyper.drt-group.com\/en\/wp-json\/wp\/v2\/types\/product"}],"replies":[{"embeddable":true,"href":"https:\/\/kyper.drt-group.com\/en\/wp-json\/wp\/v2\/comments?post=1043"}],"wp:featuredmedia":[{"embeddable":true,"href":"https:\/\/kyper.drt-group.com\/en\/wp-json\/wp\/v2\/media\/1058"}],"wp:attachment":[{"href":"https:\/\/kyper.drt-group.com\/en\/wp-json\/wp\/v2\/media?parent=1043"}],"wp:term":[{"taxonomy":"product_cat","embeddable":true,"href":"https:\/\/kyper.drt-group.com\/en\/wp-json\/wp\/v2\/product_cat?post=1043"},{"taxonomy":"product_tag","embeddable":true,"href":"https:\/\/kyper.drt-group.com\/en\/wp-json\/wp\/v2\/product_tag?post=1043"}],"curies":[{"name":"wp","href":"https:\/\/api.w.org\/{rel}","templated":true}]}}