{"id":1546,"date":"2022-05-10T14:15:26","date_gmt":"2022-05-10T14:15:26","guid":{"rendered":"https:\/\/kyper.drt-group.com\/?post_type=product&#038;p=1546"},"modified":"2022-05-10T15:14:38","modified_gmt":"2022-05-10T15:14:38","slug":"mascara-para-uso-social","status":"publish","type":"product","link":"https:\/\/kyper.drt-group.com\/en\/product\/mascara-para-uso-social\/","title":{"rendered":"M\u00e1scara para uso social"},"content":{"rendered":"<p>[vc_row bg_type=&#8221;color&#8221; padding_top_multiplier=&#8221;3x&#8221; padding_bottom_multiplier=&#8221;3x&#8221; bg_color=&#8221;#e0e0e0&#8243; margin_bottom=&#8221;0&#8243; section_id=&#8221;especificacoes-tecnicas&#8221;][vc_column]<h3 class=\"grve-element grve-title grve-align-left grve-h2 grve-increase-heading grve-heading-120\" style=\"\"><span>Especifica\u00e7\u00f5es t\u00e9cnicas<\/span><\/h3><div class=\"grve-empty-space grve-height-2x\" style=\"\"><\/div>[vc_row_inner][vc_column_inner width=&#8221;1\/4&#8243;]<h3 class=\"grve-element grve-title grve-align-left grve-animated-item grve-duration-normal grve-fade-in grve-h3\" style=\"\" data-delay=\"200\"><span>Especifica\u00e7\u00f5es<\/span><\/h3>[\/vc_column_inner][vc_column_inner width=&#8221;3\/4&#8243;][vc_column_text]<strong>Cores<\/strong><br \/>\nPreto[\/vc_column_text]<div class=\"grve-empty-space\" style=\"height: 15px;\"><\/div>[vc_column_text]<strong>Dimens\u00f5es do corpo<\/strong><br \/>\n145X129X76mm[\/vc_column_text]<div class=\"grve-empty-space\" style=\"height: 15px;\"><\/div>[vc_column_text]<strong>Dimens\u00f5es Suporte Filtro<br \/>\n<\/strong>90x82x40 mm[\/vc_column_text]<div class=\"grve-empty-space\" style=\"height: 15px;\"><\/div>[vc_column_text]<strong>Componentes<br \/>\n<\/strong>Corpo da m\u00e1scara; tampa do filtro; el\u00e1stico; filtro TNT 2 camadas[\/vc_column_text]<div class=\"grve-empty-space\" style=\"height: 15px;\"><\/div>[vc_column_text]<strong>N\u00edvel de efici\u00eancia de filtra\u00e7\u00e3o<br \/>\n<\/strong>70% para a efici\u00eancia da filtra\u00e7\u00e3o de part\u00edculas com cerca de 3 (+0,5) \u03bcm[\/vc_column_text]<div class=\"grve-empty-space\" style=\"height: 15px;\"><\/div>[vc_column_text]<strong>Tipo de utilizador<br \/>\n<\/strong>Adulto[\/vc_column_text][\/vc_column_inner][\/vc_row_inner]<div class=\"grve-element grve-divider grve-align-center\" style=\"padding-top: 15px;padding-bottom: 15px;\"><span class=\"grve-custom-divider grve-bg-custom\" style=\"width: 100%;height: 1px;background-color: #4d4d4d;\"><\/span><\/div>[vc_row_inner][vc_column_inner width=&#8221;1\/4&#8243;]<h3 class=\"grve-element grve-title grve-align-left grve-animated-item grve-duration-normal grve-fade-in grve-h3\" style=\"\" data-delay=\"200\"><span>Materiais<\/span><\/h3>[\/vc_column_inner][vc_column_inner width=&#8221;3\/4&#8243;][vc_column_text]<strong>Corpo da m\u00e1scara<br \/>\n<\/strong>TPV[\/vc_column_text]<div class=\"grve-empty-space\" style=\"height: 15px;\"><\/div>[vc_column_text]<strong>Tampa do Filtro<br \/>\n<\/strong>LDPE[\/vc_column_text]<div class=\"grve-empty-space\" style=\"height: 15px;\"><\/div>[vc_column_text]<strong>El\u00e1stico<br \/>\n<\/strong>Tecido[\/vc_column_text]<div class=\"grve-empty-space\" style=\"height: 15px;\"><\/div>[vc_column_text]<strong>Filtro<br \/>\n<\/strong>100% Polipropileno- 2 camadas[\/vc_column_text][\/vc_column_inner][\/vc_row_inner]<div class=\"grve-element grve-divider grve-align-center\" style=\"padding-top: 15px;padding-bottom: 15px;\"><span class=\"grve-custom-divider grve-bg-custom\" style=\"width: 100%;height: 1px;background-color: #4d4d4d;\"><\/span><\/div>[vc_row_inner][vc_column_inner width=&#8221;1\/4&#8243;]<h3 class=\"grve-element grve-title grve-align-left grve-animated-item grve-duration-normal grve-fade-in grve-h3\" style=\"\" data-delay=\"200\"><span>Instru\u00e7\u00f5es de utiliza\u00e7\u00e3o<\/span><\/h3>[\/vc_column_inner][vc_column_inner width=&#8221;3\/4&#8243;][vc_column_text]<strong>AVISO:<\/strong> De modo a utilizar corretamente esta m\u00e1scara para uso social, \u00e9 importante que siga estas instru\u00e7\u00f5es.<br \/>\n<strong>AVISO:<\/strong> Se est\u00e1 doente, esta m\u00e1scara para uso social n\u00e3o \u00e9 adequada. Procure aconselhamento m\u00e9dico.<br \/>\n<strong>AVISO:<\/strong> Esta m\u00e1scara para uso social n\u00e3o \u00e9 um dispositivo m\u00e9dico no \u00e2mbito da Diretiva 93\/42\/CEE ou Regulamento UE\/2017\/745 (m\u00e1scaras cir\u00fargicas) nem um<br \/>\nequipamento de prote\u00e7\u00e3o individual no \u00e2mbito do Regulamento UE\/2016\/425 (m\u00e1scaras de prote\u00e7\u00e3o respirat\u00f3ria).<br \/>\n<strong>AVISO:<\/strong> Verificar sempre se a m\u00e1scara para uso social est\u00e1 ajustada corretamente e cobre o nariz, boca e queixo. Recomenda-se que esta m\u00e1scara para uso social seja<br \/>\nusada na pele; as barbas podem reduzir a efici\u00eancia da filtragem para valores inferiores aos limites estabelecidos.<br \/>\n<strong>AVISO:<\/strong> Uma m\u00e1scara para uso social que dificulta a capacidade de respira\u00e7\u00e3o do utilizador, quando colocada pela primeira vez, \u00e9 considerada inadequada. Pode levar<br \/>\nalgum tempo para se sentir confort\u00e1vel com a m\u00e1scara para uso social.<br \/>\n<strong>AVISO:<\/strong> Esta m\u00e1scara para uso social n\u00e3o substitui as medidas de prote\u00e7\u00e3o (lavagem regular das m\u00e3os, distanciamento f\u00edsico, contacto reduzido com outras pessoas).<br \/>\nReduz a proje\u00e7\u00e3o das got\u00edculas de saliva resultantes da respira\u00e7\u00e3o do utilizador para o meio ambiente.<br \/>\n<strong>AVISO:<\/strong> N\u00e3o utilizar durante a realiza\u00e7\u00e3o de atividade f\u00edsica vigorosa.<br \/>\n<strong>AVISO:<\/strong> Parar de usar este produto aos primeiros sinais de danos.<br \/>\n<strong>AVISO:<\/strong> O modo de ajuste, utiliza\u00e7\u00e3o, coloca\u00e7\u00e3o e remo\u00e7\u00e3o da m\u00e1scara para uso social \u00e9 descrito atrav\u00e9s do pictograma seguinte[\/vc_column_text]<div class=\"grve-element grve-image grve-align-center\" style=\"\">  <div class=\"grve-image-wrapper\"><img width=\"390\" height=\"123\" src=\"https:\/\/kyper.drt-group.com\/wp-content\/uploads\/instrucoes-mascara.png\" class=\"attachment-full size-full\" alt=\"\" decoding=\"async\" loading=\"lazy\" srcset=\"https:\/\/kyper.drt-group.com\/wp-content\/uploads\/instrucoes-mascara.png 390w, https:\/\/kyper.drt-group.com\/wp-content\/uploads\/instrucoes-mascara-300x95.png 300w\" sizes=\"(max-width: 390px) 100vw, 390px\" \/>   <\/div><\/div>[\/vc_column_inner][\/vc_row_inner]<div class=\"grve-element grve-divider grve-align-center\" style=\"padding-top: 15px;padding-bottom: 15px;\"><span class=\"grve-custom-divider grve-bg-custom\" style=\"width: 100%;height: 1px;background-color: #4d4d4d;\"><\/span><\/div>[vc_row_inner][vc_column_inner width=&#8221;1\/4&#8243;]<h3 class=\"grve-element grve-title grve-align-left grve-animated-item grve-duration-normal grve-fade-in grve-h3\" style=\"\" data-delay=\"200\"><span>Instru\u00e7\u00f5es de limpeza: Lavagem e secagem<\/span><\/h3>[\/vc_column_inner][vc_column_inner width=&#8221;3\/4&#8243;][vc_column_text]-Garante-se o bom desempenho desta m\u00e1scara para uso social para 5 ciclos de lavagens na m\u00e1quina, a 60oC;<br \/>\n-O corpo da m\u00e1scara, tampa do filtro e el\u00e1sticos podem ser lavados na m\u00e1quina a 60oC;<br \/>\n-N\u00e3o usar diluentes\/acetonas ou derivados na limpeza da m\u00e1scara;<br \/>\n-Deixar secar ao ar ou utilizar um pano limpo ou seco;<br \/>\n-Inserir o filtro, de acordo com as instru\u00e7\u00f5es indicadas, apenas quando for utilizar a m\u00e1scara<\/p>\n<p><strong>ANTES DA LAVAGEM\/SECAGEM:<\/strong><br \/>\n-Remover os filtros (2 camadas) antes da lavagem de acordo com as instru\u00e7\u00f5es indicadas e coloc\u00e1-lo no contentor de res\u00edduos urbanos.<\/p>\n<p><strong>AP\u00d3S LAVAGEM\/SECAGEM:<\/strong><br \/>\n-Colocar as 2 camadas de filtro de acordo com as instru\u00e7\u00f5es indicadas apenas quando for utilizar a m\u00e1scara. A tampa do filtro deve ser ajustada de forma a fixar as 2<br \/>\ncamadas do filtro;<br \/>\n-Os el\u00e1sticos devem ser ajustados \u00e0 cabe\u00e7a do utilizador para melhorar o ajuste ao nariz e ao queixo.<\/p>\n<p><strong>AVISO:<\/strong> A m\u00e1scara para uso social reutiliz\u00e1vel dever\u00e1 ser lavada antes da primeira utiliza\u00e7\u00e3o.<br \/>\n<strong>AVISO:<\/strong> N\u00e3o limpar a seco nem utilizar amaciador.<br \/>\n<strong>AVISO:<\/strong> Limpar a m\u00e1scara ap\u00f3s cada utiliza\u00e7\u00e3o.[\/vc_column_text][\/vc_column_inner][\/vc_row_inner]<div class=\"grve-element grve-divider grve-align-center\" style=\"padding-top: 15px;padding-bottom: 15px;\"><span class=\"grve-custom-divider grve-bg-custom\" style=\"width: 100%;height: 1px;background-color: #4d4d4d;\"><\/span><\/div>[vc_row_inner][vc_column_inner width=&#8221;1\/4&#8243;]<h3 class=\"grve-element grve-title grve-align-left grve-animated-item grve-duration-normal grve-fade-in grve-h3\" style=\"\" data-delay=\"200\"><span>Substitui\u00e7\u00e3o e Coloca\u00e7\u00e3o do filtro<\/span><\/h3>[\/vc_column_inner][vc_column_inner width=&#8221;3\/4&#8243;][vc_column_text]\u00c9 recomend\u00e1vel substituir o filtro da m\u00e1scara a cada 4 horas de utiliza\u00e7\u00e3o.[\/vc_column_text]<div class=\"grve-element grve-image grve-align-center\" style=\"\">  <div class=\"grve-image-wrapper\"><img width=\"1961\" height=\"921\" src=\"https:\/\/kyper.drt-group.com\/wp-content\/uploads\/mascara_exp_05-04-2022.webp\" class=\"attachment-full size-full\" alt=\"\" decoding=\"async\" loading=\"lazy\" srcset=\"https:\/\/kyper.drt-group.com\/wp-content\/uploads\/mascara_exp_05-04-2022.webp 1961w, https:\/\/kyper.drt-group.com\/wp-content\/uploads\/mascara_exp_05-04-2022-300x141.webp 300w, https:\/\/kyper.drt-group.com\/wp-content\/uploads\/mascara_exp_05-04-2022-1024x481.webp 1024w, https:\/\/kyper.drt-group.com\/wp-content\/uploads\/mascara_exp_05-04-2022-768x361.webp 768w, https:\/\/kyper.drt-group.com\/wp-content\/uploads\/mascara_exp_05-04-2022-1536x721.webp 1536w, https:\/\/kyper.drt-group.com\/wp-content\/uploads\/mascara_exp_05-04-2022-1920x902.webp 1920w, https:\/\/kyper.drt-group.com\/wp-content\/uploads\/mascara_exp_05-04-2022-600x282.webp 600w\" sizes=\"(max-width: 1961px) 100vw, 1961px\" \/>   <\/div><\/div>[\/vc_column_inner][\/vc_row_inner]<div class=\"grve-element grve-divider grve-align-center\" style=\"padding-top: 15px;padding-bottom: 15px;\"><span class=\"grve-custom-divider grve-bg-custom\" style=\"width: 100%;height: 1px;background-color: #4d4d4d;\"><\/span><\/div>[vc_row_inner][vc_column_inner width=&#8221;1\/4&#8243;]<h3 class=\"grve-element grve-title grve-align-left grve-animated-item grve-duration-normal grve-fade-in grve-h3\" style=\"\" data-delay=\"200\"><span>Normas<\/span><\/h3>[\/vc_column_inner][vc_column_inner width=&#8221;3\/4&#8243;][vc_column_text]- CWA 17553:2020<br \/>\n&#8211; M\u00e9todo de ensaio de filtra\u00e7\u00e3o: CWA 17553:2020 Anexo D[\/vc_column_text]<div class=\"grve-empty-space\" style=\"height: 15px;\"><\/div><div class=\"grve-element grve-gallery grve-isotope grve-gallery-popup grve-with-gap\" style=\"\" data-columns=\"3\" data-columns-large-screen=\"3\" data-columns-tablet-landscape=\"3\" data-columns-tablet-portrait=\"2\" data-columns-mobile=\"2\" data-layout=\"fitRows\" data-gutter-size=\"30\">  <div class=\"grve-isotope-container\"><div class=\"grve-isotope-item grve-hover-item grve-hover-style-none\"><div class=\"grve-isotope-item-inner grve-zoom-in\">  <figure class=\"grve-image-hover\">    <a class=\"grve-item-url\" href=\"https:\/\/kyper.drt-group.com\/wp-content\/uploads\/cert-02.png\" ><\/a>    <div class=\"grve-hover-overlay grve-bg-light grve-opacity-0\"><\/div><div class=\"grve-media\"><img width=\"632\" height=\"411\" src=\"https:\/\/kyper.drt-group.com\/wp-content\/uploads\/cert-02.png\" class=\"attachment-movedo-grve-medium-rect-horizontal size-movedo-grve-medium-rect-horizontal\" alt=\"\" decoding=\"async\" loading=\"lazy\" srcset=\"https:\/\/kyper.drt-group.com\/wp-content\/uploads\/cert-02.png 632w, https:\/\/kyper.drt-group.com\/wp-content\/uploads\/cert-02-300x195.png 300w, https:\/\/kyper.drt-group.com\/wp-content\/uploads\/cert-02-600x390.png 600w\" sizes=\"(max-width: 632px) 100vw, 632px\" \/><\/div>  <\/figure><\/div><\/div><div class=\"grve-isotope-item grve-hover-item grve-hover-style-none\"><div class=\"grve-isotope-item-inner grve-zoom-in\">  <figure class=\"grve-image-hover\">    <a class=\"grve-item-url\" href=\"https:\/\/kyper.drt-group.com\/wp-content\/uploads\/cert-01.png\" ><\/a>    <div class=\"grve-hover-overlay grve-bg-light grve-opacity-0\"><\/div><div class=\"grve-media\"><img width=\"631\" height=\"411\" src=\"https:\/\/kyper.drt-group.com\/wp-content\/uploads\/cert-01.png\" class=\"attachment-movedo-grve-medium-rect-horizontal size-movedo-grve-medium-rect-horizontal\" alt=\"\" decoding=\"async\" loading=\"lazy\" srcset=\"https:\/\/kyper.drt-group.com\/wp-content\/uploads\/cert-01.png 631w, https:\/\/kyper.drt-group.com\/wp-content\/uploads\/cert-01-300x195.png 300w, https:\/\/kyper.drt-group.com\/wp-content\/uploads\/cert-01-600x391.png 600w\" sizes=\"(max-width: 631px) 100vw, 631px\" \/><\/div>  <\/figure><\/div><\/div>  <\/div><\/div>[\/vc_column_inner][\/vc_row_inner]<div class=\"grve-element grve-divider grve-align-center\" style=\"padding-top: 15px;padding-bottom: 15px;\"><span class=\"grve-custom-divider grve-bg-custom\" style=\"width: 100%;height: 1px;background-color: #4d4d4d;\"><\/span><\/div>[vc_row_inner][vc_column_inner width=&#8221;1\/4&#8243;]<h3 class=\"grve-element grve-title grve-align-left grve-animated-item grve-duration-normal grve-fade-in grve-h3\" style=\"\" data-delay=\"200\"><span>Armazenamento<\/span><\/h3>[\/vc_column_inner][vc_column_inner width=&#8221;3\/4&#8243;][vc_column_text]Quando n\u00e3o est\u00e1 a ser utilizada a m\u00e1scara deve ser armazenada num saco fechado.[\/vc_column_text][\/vc_column_inner][\/vc_row_inner]<div class=\"grve-element grve-divider grve-align-center\" style=\"padding-top: 15px;padding-bottom: 15px;\"><span class=\"grve-custom-divider grve-bg-custom\" style=\"width: 100%;height: 1px;background-color: #4d4d4d;\"><\/span><\/div>[\/vc_column][\/vc_row]<\/p>\n","protected":false},"excerpt":{"rendered":"<p>M\u00e1scara para uso social composta por um corpo e tampa de filtro produzidos em material polim\u00e9rico (TPV e LDPE) e um duplo filtro TNT descart\u00e1vel.<\/p>\n","protected":false},"featured_media":1551,"comment_status":"open","ping_status":"closed","template":"","meta":[],"product_cat":[24],"product_tag":[],"yoast_head":"<!-- This site is optimized with the Yoast SEO plugin v20.0 - https:\/\/yoast.com\/wordpress\/plugins\/seo\/ -->\n<title>M\u00e1scara para uso social - Kyper<\/title>\n<meta name=\"description\" content=\"Adquira a prote\u00e7\u00e3o facial com encaixes para adapta\u00e7\u00e3o \u00e0s abas, que poder\u00e1 trocar de forma pr\u00e1tica.\" \/>\n<meta name=\"robots\" content=\"index, follow, max-snippet:-1, max-image-preview:large, max-video-preview:-1\" \/>\n<link rel=\"canonical\" href=\"https:\/\/kyper.drt-group.com\/product\/mascara-para-uso-social\/\" \/>\n<meta property=\"og:locale\" content=\"en_US\" \/>\n<meta property=\"og:type\" content=\"article\" \/>\n<meta property=\"og:title\" content=\"M\u00e1scara para uso social - Kyper\" \/>\n<meta property=\"og:description\" content=\"Adquira a prote\u00e7\u00e3o facial com encaixes para adapta\u00e7\u00e3o \u00e0s abas, que poder\u00e1 trocar de forma pr\u00e1tica.\" \/>\n<meta property=\"og:url\" content=\"https:\/\/kyper.drt-group.com\/product\/mascara-para-uso-social\/\" \/>\n<meta property=\"og:site_name\" content=\"Kyper\" \/>\n<meta property=\"article:modified_time\" content=\"2022-05-10T15:14:38+00:00\" \/>\n<meta property=\"og:image\" content=\"https:\/\/kyper.drt-group.com\/wp-content\/uploads\/Mascara-kyper.webp\" \/>\n\t<meta property=\"og:image:width\" content=\"1200\" \/>\n\t<meta property=\"og:image:height\" content=\"1200\" \/>\n\t<meta property=\"og:image:type\" content=\"image\/webp\" \/>\n<meta name=\"twitter:card\" content=\"summary_large_image\" \/>\n<meta name=\"twitter:label1\" content=\"Est. reading time\" \/>\n\t<meta name=\"twitter:data1\" content=\"4 minutes\" \/>\n<script type=\"application\/ld+json\" class=\"yoast-schema-graph\">{\"@context\":\"https:\/\/schema.org\",\"@graph\":[{\"@type\":\"WebPage\",\"@id\":\"https:\/\/kyper.drt-group.com\/product\/mascara-para-uso-social\/\",\"url\":\"https:\/\/kyper.drt-group.com\/product\/mascara-para-uso-social\/\",\"name\":\"M\u00e1scara para uso social - Kyper\",\"isPartOf\":{\"@id\":\"https:\/\/kyper.drt-group.com\/#website\"},\"datePublished\":\"2022-05-10T14:15:26+00:00\",\"dateModified\":\"2022-05-10T15:14:38+00:00\",\"description\":\"Adquira a prote\u00e7\u00e3o facial com encaixes para adapta\u00e7\u00e3o \u00e0s abas, que poder\u00e1 trocar de forma pr\u00e1tica.\",\"breadcrumb\":{\"@id\":\"https:\/\/kyper.drt-group.com\/product\/mascara-para-uso-social\/#breadcrumb\"},\"inLanguage\":\"en-US\",\"potentialAction\":[{\"@type\":\"ReadAction\",\"target\":[\"https:\/\/kyper.drt-group.com\/product\/mascara-para-uso-social\/\"]}]},{\"@type\":\"BreadcrumbList\",\"@id\":\"https:\/\/kyper.drt-group.com\/product\/mascara-para-uso-social\/#breadcrumb\",\"itemListElement\":[{\"@type\":\"ListItem\",\"position\":1,\"name\":\"Home\",\"item\":\"https:\/\/kyper.drt-group.com\/\"},{\"@type\":\"ListItem\",\"position\":2,\"name\":\"Produtos\",\"item\":\"https:\/\/kyper.drt-group.com\/shop-kyper\/\"},{\"@type\":\"ListItem\",\"position\":3,\"name\":\"M\u00e1scara para uso social\"}]},{\"@type\":\"WebSite\",\"@id\":\"https:\/\/kyper.drt-group.com\/#website\",\"url\":\"https:\/\/kyper.drt-group.com\/\",\"name\":\"Kyper\",\"description\":\"Viseira de prote\u00e7\u00e3o individual DRT\",\"potentialAction\":[{\"@type\":\"SearchAction\",\"target\":{\"@type\":\"EntryPoint\",\"urlTemplate\":\"https:\/\/kyper.drt-group.com\/?s={search_term_string}\"},\"query-input\":\"required name=search_term_string\"}],\"inLanguage\":\"en-US\"}]}<\/script>\n<!-- \/ Yoast SEO plugin. -->","yoast_head_json":{"title":"M\u00e1scara para uso social - Kyper","description":"Adquira a prote\u00e7\u00e3o facial com encaixes para adapta\u00e7\u00e3o \u00e0s abas, que poder\u00e1 trocar de forma pr\u00e1tica.","robots":{"index":"index","follow":"follow","max-snippet":"max-snippet:-1","max-image-preview":"max-image-preview:large","max-video-preview":"max-video-preview:-1"},"canonical":"https:\/\/kyper.drt-group.com\/product\/mascara-para-uso-social\/","og_locale":"en_US","og_type":"article","og_title":"M\u00e1scara para uso social - Kyper","og_description":"Adquira a prote\u00e7\u00e3o facial com encaixes para adapta\u00e7\u00e3o \u00e0s abas, que poder\u00e1 trocar de forma pr\u00e1tica.","og_url":"https:\/\/kyper.drt-group.com\/product\/mascara-para-uso-social\/","og_site_name":"Kyper","article_modified_time":"2022-05-10T15:14:38+00:00","og_image":[{"width":1200,"height":1200,"url":"https:\/\/kyper.drt-group.com\/wp-content\/uploads\/Mascara-kyper.webp","type":"image\/webp"}],"twitter_card":"summary_large_image","twitter_misc":{"Est. reading time":"4 minutes"},"schema":{"@context":"https:\/\/schema.org","@graph":[{"@type":"WebPage","@id":"https:\/\/kyper.drt-group.com\/product\/mascara-para-uso-social\/","url":"https:\/\/kyper.drt-group.com\/product\/mascara-para-uso-social\/","name":"M\u00e1scara para uso social - Kyper","isPartOf":{"@id":"https:\/\/kyper.drt-group.com\/#website"},"datePublished":"2022-05-10T14:15:26+00:00","dateModified":"2022-05-10T15:14:38+00:00","description":"Adquira a prote\u00e7\u00e3o facial com encaixes para adapta\u00e7\u00e3o \u00e0s abas, que poder\u00e1 trocar de forma pr\u00e1tica.","breadcrumb":{"@id":"https:\/\/kyper.drt-group.com\/product\/mascara-para-uso-social\/#breadcrumb"},"inLanguage":"en-US","potentialAction":[{"@type":"ReadAction","target":["https:\/\/kyper.drt-group.com\/product\/mascara-para-uso-social\/"]}]},{"@type":"BreadcrumbList","@id":"https:\/\/kyper.drt-group.com\/product\/mascara-para-uso-social\/#breadcrumb","itemListElement":[{"@type":"ListItem","position":1,"name":"Home","item":"https:\/\/kyper.drt-group.com\/"},{"@type":"ListItem","position":2,"name":"Produtos","item":"https:\/\/kyper.drt-group.com\/shop-kyper\/"},{"@type":"ListItem","position":3,"name":"M\u00e1scara para uso social"}]},{"@type":"WebSite","@id":"https:\/\/kyper.drt-group.com\/#website","url":"https:\/\/kyper.drt-group.com\/","name":"Kyper","description":"Viseira de prote\u00e7\u00e3o individual DRT","potentialAction":[{"@type":"SearchAction","target":{"@type":"EntryPoint","urlTemplate":"https:\/\/kyper.drt-group.com\/?s={search_term_string}"},"query-input":"required name=search_term_string"}],"inLanguage":"en-US"}]}},"_links":{"self":[{"href":"https:\/\/kyper.drt-group.com\/en\/wp-json\/wp\/v2\/product\/1546"}],"collection":[{"href":"https:\/\/kyper.drt-group.com\/en\/wp-json\/wp\/v2\/product"}],"about":[{"href":"https:\/\/kyper.drt-group.com\/en\/wp-json\/wp\/v2\/types\/product"}],"replies":[{"embeddable":true,"href":"https:\/\/kyper.drt-group.com\/en\/wp-json\/wp\/v2\/comments?post=1546"}],"wp:featuredmedia":[{"embeddable":true,"href":"https:\/\/kyper.drt-group.com\/en\/wp-json\/wp\/v2\/media\/1551"}],"wp:attachment":[{"href":"https:\/\/kyper.drt-group.com\/en\/wp-json\/wp\/v2\/media?parent=1546"}],"wp:term":[{"taxonomy":"product_cat","embeddable":true,"href":"https:\/\/kyper.drt-group.com\/en\/wp-json\/wp\/v2\/product_cat?post=1546"},{"taxonomy":"product_tag","embeddable":true,"href":"https:\/\/kyper.drt-group.com\/en\/wp-json\/wp\/v2\/product_tag?post=1546"}],"curies":[{"name":"wp","href":"https:\/\/api.w.org\/{rel}","templated":true}]}}