{"id":525,"date":"2021-01-21T16:52:05","date_gmt":"2021-01-21T16:52:05","guid":{"rendered":"http:\/\/shop.drt-group.com\/?page_id=525"},"modified":"2021-03-23T11:51:27","modified_gmt":"2021-03-23T11:51:27","slug":"politica-de-privacidade","status":"publish","type":"page","link":"https:\/\/kyper.drt-group.com\/fr\/politica-de-privacidade\/","title":{"rendered":"Politique de Confidentialit\u00e9 des Donn\u00e9es"},"content":{"rendered":"<p><\/p>\n<h4 class=\"p1\"><strong>QUI SOMMES-NOUS?<\/strong><\/h4>\n<p>Le Groupe DRT SGPS SA est une soci\u00e9t\u00e9 anonyme ayant son si\u00e8ge social \u00e0 Rua dos Marinheiros, Lote 6 \u2013 N\u00ba 146 Zona Ind. Cova das Faias \u2013 ZICOFA \u2013 2415-806 Marrazes \u2013 Leiria \u2013 PORTUGAL avec n\u00ba de personne morale 510 432 603 qui int\u00e8gre les soci\u00e9t\u00e9s DRT Molds, DRT Rapid, DRT Micro, DRT Plastic, Unite, DRT Tech, DRT Advance et Prediconforto SA.<\/p>\n<p>Cette politique de Confidentialit\u00e9 s\u2019applique exclusivement \u00e0 la collecte et au traitement de donn\u00e9es \u00e0 caract\u00e8re personnel par les soci\u00e9t\u00e9s du Groupe DRT et elle est compl\u00e9mentaire aux termes et aux conditions mentionn\u00e9s dans des contrats de fourniture, de prestation de services ou d\u2019autres similaires.<\/p>\n<p>&nbsp;<\/p>\n<h4 class=\"p1\"><strong>CHAMP D\u2019APPLICATION <\/strong><\/h4>\n<p class=\"p1\">Le nouveau R\u00e8glement G\u00e9n\u00e9ral de Protection des Donn\u00e9es (RGPD), approuv\u00e9 par le Parlement Europ\u00e9en en mai 2016, entre en vigueur \u00e0 partir du 25 mai 2018. Le Groupe DRT s\u2019engage \u00e0 prot\u00e9ger la confidentialit\u00e9 de ses clients et des utilisateurs de ses plateformes num\u00e9riques avec l\u2019objectif de renforcer son engagement envers la confidentialit\u00e9 et la protection des donn\u00e9es \u00e0 caract\u00e8re personnel et avoir une conduite dans le stricte respect et observation de la Loi de Protection des Donn\u00e9es Personnelles.<\/p>\n<p>&nbsp;<\/p>\n<h4 class=\"p1\"><strong>QU\u2019EST-CE QUE LES DONN\u00c9ES PERSONNELLES<\/strong><\/h4>\n<p class=\"p1\">Toute information concernant une personnes singuli\u00e8re identifi\u00e9e ou identifiable, directement ou indirectement.<\/p>\n<p>&nbsp;<\/p>\n<h4 class=\"p1\"><strong>TYPE DE DONN\u00c9ES PERSONNELLES COLLECT\u00c9ES, DE QUELLE MANI\u00c8RE ET AVEC QUELLE FINALIT\u00c9 <\/strong><\/h4>\n<p>Nous collectons des donn\u00e9es personnelles lors de l\u2019inscription sur notre site internet, lorsque vous demandez un produit, un service ou un renseignement ou si vous pr\u00e9sentez une r\u00e9clamation ou donnez votre avis.<\/p>\n<p>Le Groupe DRT fait la collecte de donn\u00e9es personnelles n\u00e9cessaire \u00e0 son activit\u00e9, normalement pour la gestion de la relation contractuelle de fourniture de produits et de prestation de services et assistance au client, traitant dans ce domaine des donn\u00e9es telles que le nom, l\u2019adresse, le num\u00e9ro de t\u00e9l\u00e9phone, l\u2019adresse email, le num\u00e9ro d\u2019identification fiscale ainsi que des donn\u00e9es se rapportant aux habitudes d\u2019achat.<\/p>\n<p>Nous pouvons \u00e9galement collecter vos donn\u00e9es pour faire conna\u00eetre de nouveaux produits, des services, des offres sp\u00e9ciales ou toute autre information que nous pensons vous int\u00e9resser. Il est garanti au titulaire des donn\u00e9es le droit d\u2019acc\u00e8s, de mise \u00e0 jour, de rectification et d\u2019effacement. Pour cela, il suffit d\u2019utiliser l\u2019adresse email <strong style=\"font-family: inherit; font-size: inherit; font-style: inherit; font-variant-ligatures: inherit; font-variant-caps: inherit;\"><a href=\"mailto:it-support@drt-group.com\"><span class=\"s3\">it-support@drt-group.com<\/span><\/a><\/strong><span class=\"s1\" style=\"font-family: inherit; font-size: inherit; font-style: inherit; font-variant-ligatures: inherit; font-variant-caps: inherit; font-weight: inherit;\"><strong>.<\/strong><\/span><\/p>\n<p>&nbsp;<\/p>\n<h4 class=\"p1\"><strong>DUR\u00c9E DE CONSERVATION<\/strong><\/h4>\n<p>Lorsqu\u2019il n\u2019existe pas d\u2019exigences l\u00e9gales d\u00e9finies, les donn\u00e9es seront conserv\u00e9es pendant le d\u00e9lai minimum n\u00e9cessaire \u00e0 la r\u00e9alisation de l\u2019objectif qui a entra\u00een\u00e9 sa collecte<\/p>\n<p><span style=\"font-weight: 400;\">Pour des raisons de marketing et d\u2019assistance au client vos donn\u00e9es seront conserv\u00e9es jusqu\u2019\u00e0 10 ans apr\u00e8s votre consentement ou votre dernier contact. \u00c0 tout moment, vous pourrez annuler votre suscription<\/span> <span class=\"s5\" style=\"font-family: inherit; font-size: inherit; font-style: inherit; font-variant-ligatures: inherit; font-variant-caps: inherit; font-weight: inherit;\"><a href=\"https:\/\/drt-group.com\/unsubscribe-newsletter\"><strong>ici<\/strong><\/a>.<\/span><\/p>\n<p>&nbsp;<\/p>\n<h4 class=\"p1\"><span class=\"s1\"><b>COOKIES<\/b><\/span><\/h4>\n<p><span style=\"font-weight: 400;\">\u201cCookies\u201d, ce sont des petits fichiers de textes conserv\u00e9s dans votre ordinateur via le navigateur et qui permettent d\u2019optimiser votre exp\u00e9rience de navigation et d\u2019analyser l\u2019utilisation globale du site web. <\/span><\/p>\n<p><span style=\"font-weight: 400;\">Les cookies sont utilis\u00e9s par le Groupe DRT pour: <\/span><br \/>\n<span style=\"font-weight: 400;\">1. Collecter les adresses IP des utilisateurs. De cette mani\u00e8re, nous pouvons personnaliser vos pr\u00e9f\u00e9rences d\u2019utilisation; <\/span><br \/>\n2. <span style=\"font-weight: 400;\">Obtenir des informations statistiques sur le site web, par exemple, distinguer les nouveaux utilisateurs des utilisateurs r\u00e9guliers.<\/span><\/p>\n<p><span style=\"font-weight: 400;\">Vous pouvez limiter ou restreindre l\u2019admission de cookies \u00e0 travers les options de votre navigateur<\/span><\/p>\n<p class=\"p1\"><span class=\"s1\">\u00a0<\/span><\/p>\n<h4 class=\"p1\"><strong>S\u00c9CURIT\u00c9 DES DONN\u00c9ES<\/strong><\/h4>\n<p><span style=\"font-weight: 400;\">En ayant pour objectif de garantir la s\u00e9curit\u00e9 et l\u2019int\u00e9grit\u00e9 des donn\u00e9es fournies par les utilisateurs de notre site web et les plateformes num\u00e9riques, nous avons implant\u00e9 des mesures au niveau technologique et d\u2019organisation qui nous aident \u00e0 conserver l\u2019information s\u00fbre et mise \u00e0 jour. <\/span><\/p>\n<p><span style=\"font-weight: 400;\">Les donn\u00e9es sont crypt\u00e9es et conserv\u00e9es de mani\u00e8re s\u00fbre, soumises aux mesures de s\u00e9curit\u00e9 que nous consid\u00e9rons fondamentales pour votre protection. <\/span><\/p>\n<p><span style=\"font-weight: 400;\">Bien que toutes les mesures soient prises, nous rappelons \u00e0 nos utilisateurs l\u2019importance d\u2019avoir leur ordinateur et le navigateur remis a jour en utilisant des \u201cpatches\u201d de s\u00e9curit\u00e9 configur\u00e9s, des pare-feus actifs, des anti-virus et des anti-espiogiciels et de se certifier de l\u2019authenticit\u00e9 des sites web consult\u00e9s. <\/span><\/p>\n<p class=\"p1\"><span class=\"s1\">\u00a0<\/span><\/p>\n<h4 class=\"p1\"><strong>CESSION DE DONN\u00c9ES \u00c0 DES TIERS<\/strong><\/h4>\n<p><span style=\"font-weight: 400;\">Dans certaines situations, le Groupe DRT pourra c\u00e9der des donn\u00e9es personnelles \u00e0 des soci\u00e9t\u00e9s tierces pour que celles-ci fournissent des services en son nom. Lorsque cela arrive, nous v\u00e9rifions l\u2019honorabilit\u00e9 de ces entit\u00e9s et les garanties qu\u2019elles offrent \u00e0 ce niveau, en formalisant toutes les conditions par un contrat avec ladite entit\u00e9. Le Groupe DRT ne met \u00e0 disposition que les donn\u00e9es strictement n\u00e9cessaires et sera toujours responsable par les donn\u00e9es mises \u00e0 disposition.<\/span><\/p>\n<p><span style=\"font-weight: 400;\">En outre, nous pourrons avoir \u00e0 c\u00e9der des donn\u00e9es personnelles pour faire obtemp\u00e9rer la loi, prot\u00e9ger ou d\u00e9fendre les droits de propri\u00e9t\u00e9 du Groupe DRT ou agir dans des situations urgentes de protection et de s\u00e9curit\u00e9 des donn\u00e9s de nos utilisateurs, de nos clients et du public. <\/span><\/p>\n<p class=\"p1\"><span class=\"s1\"><b>\u00a0<\/b><\/span><\/p>\n<h4 class=\"p1\"><strong>CHANGEMENTS \u00c0 LA POLITIQUE DE CONFIDENTIALIT\u00c9<\/strong><\/h4>\n<p class=\"p1\"><span style=\"font-weight: 400;\">Le Groupe DRT se r\u00e9serve le droit de mettre \u00e0 jour cette Politique de Confidentialit\u00e9 \u00e0 tout moment. La mise \u00e0 jour du service constitue l\u2019acceptation de ces termes et de toutes autres mises \u00e0 jour. Par cons\u00e9quent, consultez r\u00e9guli\u00e8rement cette Politique de Confidentialit\u00e9\u00a0 <\/span><\/p>\n<p class=\"p1\"><span class=\"s1\">\u00a0<\/span><\/p>\n<h4 class=\"p1\"><strong>CONTACTS<\/strong><\/h4>\n<p class=\"p1\"><span style=\"font-weight: 400;\">L\u2019entit\u00e9 charg\u00e9e de faire la collecte et le traitement des donn\u00e9es personnelles est DRT SGPS SA. En cas de questions sur notre politique de Confidentialit\u00e9 ou sur l\u2019information que nous poss\u00e9dons \u00e0 votre sujet, entrez en contact avec nous en utilisant soit l\u2019email<\/span>\u00a0<a href=\"mailto:it-support@drt-group.com\">it-support@drt-group.com<\/a> <span style=\"font-weight: 400;\">soit l\u2019adresse postale Rua dos Marinheiros Lote 6 \u2013 N\u00ba 146 ZICOFA, 2415-806 Leiria.<\/span><\/p>\n<p><\/p>","protected":false},"excerpt":{"rendered":"<p>QUI SOMMES-NOUS? Le Groupe DRT SGPS SA est une soci\u00e9t\u00e9 anonyme ayant son si\u00e8ge social \u00e0 Rua dos Marinheiros, Lote 6 \u2013 N\u00ba 146 Zona Ind. Cova das Faias \u2013 ZICOFA \u2013 2415-806 Marrazes \u2013 Leiria \u2013 PORTUGAL avec n\u00ba de personne morale 510 432 603 qui int\u00e8gre les soci\u00e9t\u00e9s DRT Molds, DRT Rapid, DRT [&hellip;]<\/p>\n","protected":false},"author":1,"featured_media":0,"parent":0,"menu_order":0,"comment_status":"closed","ping_status":"closed","template":"","meta":[],"yoast_head":"<!-- This site is optimized with the Yoast SEO plugin v20.0 - https:\/\/yoast.com\/wordpress\/plugins\/seo\/ -->\n<title>Politique de Confidentialit\u00e9 des Donn\u00e9es - Kyper<\/title>\n<meta name=\"robots\" content=\"index, follow, max-snippet:-1, max-image-preview:large, max-video-preview:-1\" \/>\n<link rel=\"canonical\" href=\"https:\/\/kyper.drt-group.com\/politica-de-privacidade\/\" \/>\n<meta property=\"og:locale\" content=\"fr_FR\" \/>\n<meta property=\"og:type\" content=\"article\" \/>\n<meta property=\"og:title\" content=\"Politique de Confidentialit\u00e9 des Donn\u00e9es - Kyper\" \/>\n<meta property=\"og:description\" content=\"QUI SOMMES-NOUS? Le Groupe DRT SGPS SA est une soci\u00e9t\u00e9 anonyme ayant son si\u00e8ge social \u00e0 Rua dos Marinheiros, Lote 6 \u2013 N\u00ba 146 Zona Ind. Cova das Faias \u2013 ZICOFA \u2013 2415-806 Marrazes \u2013 Leiria \u2013 PORTUGAL avec n\u00ba de personne morale 510 432 603 qui int\u00e8gre les soci\u00e9t\u00e9s DRT Molds, DRT Rapid, DRT [&hellip;]\" \/>\n<meta property=\"og:url\" content=\"https:\/\/kyper.drt-group.com\/politica-de-privacidade\/\" \/>\n<meta property=\"og:site_name\" content=\"Kyper\" \/>\n<meta property=\"article:modified_time\" content=\"2021-03-23T11:51:27+00:00\" \/>\n<meta name=\"twitter:card\" content=\"summary_large_image\" \/>\n<meta name=\"twitter:label1\" content=\"Dur\u00e9e de lecture estim\u00e9e\" \/>\n\t<meta name=\"twitter:data1\" content=\"4 minutes\" \/>\n<script type=\"application\/ld+json\" class=\"yoast-schema-graph\">{\"@context\":\"https:\/\/schema.org\",\"@graph\":[{\"@type\":\"WebPage\",\"@id\":\"https:\/\/kyper.drt-group.com\/politica-de-privacidade\/\",\"url\":\"https:\/\/kyper.drt-group.com\/politica-de-privacidade\/\",\"name\":\"[:pt]Pol\u00edtica de privacidade[:en]Privacy policy[:fr]Politique de Confidentialit\u00e9 des Donn\u00e9es[:] - Kyper\",\"isPartOf\":{\"@id\":\"https:\/\/kyper.drt-group.com\/#website\"},\"datePublished\":\"2021-01-21T16:52:05+00:00\",\"dateModified\":\"2021-03-23T11:51:27+00:00\",\"breadcrumb\":{\"@id\":\"https:\/\/kyper.drt-group.com\/politica-de-privacidade\/#breadcrumb\"},\"inLanguage\":\"fr-FR\",\"potentialAction\":[{\"@type\":\"ReadAction\",\"target\":[\"https:\/\/kyper.drt-group.com\/politica-de-privacidade\/\"]}]},{\"@type\":\"BreadcrumbList\",\"@id\":\"https:\/\/kyper.drt-group.com\/politica-de-privacidade\/#breadcrumb\",\"itemListElement\":[{\"@type\":\"ListItem\",\"position\":1,\"name\":\"Home\",\"item\":\"https:\/\/kyper.drt-group.com\/\"},{\"@type\":\"ListItem\",\"position\":2,\"name\":\"Pol\u00edtica de privacidade\"}]},{\"@type\":\"WebSite\",\"@id\":\"https:\/\/kyper.drt-group.com\/#website\",\"url\":\"https:\/\/kyper.drt-group.com\/\",\"name\":\"Kyper\",\"description\":\"Viseira de prote\u00e7\u00e3o individual DRT\",\"potentialAction\":[{\"@type\":\"SearchAction\",\"target\":{\"@type\":\"EntryPoint\",\"urlTemplate\":\"https:\/\/kyper.drt-group.com\/?s={search_term_string}\"},\"query-input\":\"required name=search_term_string\"}],\"inLanguage\":\"fr-FR\"}]}<\/script>\n<!-- \/ Yoast SEO plugin. -->","yoast_head_json":{"title":"Politique de Confidentialit\u00e9 des Donn\u00e9es - Kyper","robots":{"index":"index","follow":"follow","max-snippet":"max-snippet:-1","max-image-preview":"max-image-preview:large","max-video-preview":"max-video-preview:-1"},"canonical":"https:\/\/kyper.drt-group.com\/politica-de-privacidade\/","og_locale":"fr_FR","og_type":"article","og_title":"Politique de Confidentialit\u00e9 des Donn\u00e9es - Kyper","og_description":"QUI SOMMES-NOUS? Le Groupe DRT SGPS SA est une soci\u00e9t\u00e9 anonyme ayant son si\u00e8ge social \u00e0 Rua dos Marinheiros, Lote 6 \u2013 N\u00ba 146 Zona Ind. Cova das Faias \u2013 ZICOFA \u2013 2415-806 Marrazes \u2013 Leiria \u2013 PORTUGAL avec n\u00ba de personne morale 510 432 603 qui int\u00e8gre les soci\u00e9t\u00e9s DRT Molds, DRT Rapid, DRT [&hellip;]","og_url":"https:\/\/kyper.drt-group.com\/politica-de-privacidade\/","og_site_name":"Kyper","article_modified_time":"2021-03-23T11:51:27+00:00","twitter_card":"summary_large_image","twitter_misc":{"Dur\u00e9e de lecture estim\u00e9e":"4 minutes"},"schema":{"@context":"https:\/\/schema.org","@graph":[{"@type":"WebPage","@id":"https:\/\/kyper.drt-group.com\/politica-de-privacidade\/","url":"https:\/\/kyper.drt-group.com\/politica-de-privacidade\/","name":"[:pt]Pol\u00edtica de privacidade[:en]Privacy policy[:fr]Politique de Confidentialit\u00e9 des Donn\u00e9es[:] - Kyper","isPartOf":{"@id":"https:\/\/kyper.drt-group.com\/#website"},"datePublished":"2021-01-21T16:52:05+00:00","dateModified":"2021-03-23T11:51:27+00:00","breadcrumb":{"@id":"https:\/\/kyper.drt-group.com\/politica-de-privacidade\/#breadcrumb"},"inLanguage":"fr-FR","potentialAction":[{"@type":"ReadAction","target":["https:\/\/kyper.drt-group.com\/politica-de-privacidade\/"]}]},{"@type":"BreadcrumbList","@id":"https:\/\/kyper.drt-group.com\/politica-de-privacidade\/#breadcrumb","itemListElement":[{"@type":"ListItem","position":1,"name":"Home","item":"https:\/\/kyper.drt-group.com\/"},{"@type":"ListItem","position":2,"name":"Pol\u00edtica de privacidade"}]},{"@type":"WebSite","@id":"https:\/\/kyper.drt-group.com\/#website","url":"https:\/\/kyper.drt-group.com\/","name":"Kyper","description":"Viseira de prote\u00e7\u00e3o individual DRT","potentialAction":[{"@type":"SearchAction","target":{"@type":"EntryPoint","urlTemplate":"https:\/\/kyper.drt-group.com\/?s={search_term_string}"},"query-input":"required name=search_term_string"}],"inLanguage":"fr-FR"}]}},"_links":{"self":[{"href":"https:\/\/kyper.drt-group.com\/fr\/wp-json\/wp\/v2\/pages\/525"}],"collection":[{"href":"https:\/\/kyper.drt-group.com\/fr\/wp-json\/wp\/v2\/pages"}],"about":[{"href":"https:\/\/kyper.drt-group.com\/fr\/wp-json\/wp\/v2\/types\/page"}],"author":[{"embeddable":true,"href":"https:\/\/kyper.drt-group.com\/fr\/wp-json\/wp\/v2\/users\/1"}],"replies":[{"embeddable":true,"href":"https:\/\/kyper.drt-group.com\/fr\/wp-json\/wp\/v2\/comments?post=525"}],"version-history":[{"count":7,"href":"https:\/\/kyper.drt-group.com\/fr\/wp-json\/wp\/v2\/pages\/525\/revisions"}],"predecessor-version":[{"id":801,"href":"https:\/\/kyper.drt-group.com\/fr\/wp-json\/wp\/v2\/pages\/525\/revisions\/801"}],"wp:attachment":[{"href":"https:\/\/kyper.drt-group.com\/fr\/wp-json\/wp\/v2\/media?parent=525"}],"curies":[{"name":"wp","href":"https:\/\/api.w.org\/{rel}","templated":true}]}}