{"id":640,"date":"2021-02-11T15:03:32","date_gmt":"2021-02-11T15:03:32","guid":{"rendered":"https:\/\/kyper.drt-group.com\/?page_id=640"},"modified":"2021-03-23T11:40:06","modified_gmt":"2021-03-23T11:40:06","slug":"termos-e-condicoes","status":"publish","type":"page","link":"https:\/\/kyper.drt-group.com\/fr\/termos-e-condicoes\/","title":{"rendered":"Termes et Conditions"},"content":{"rendered":"<p><\/p>\n<h3><strong>PR\u00c9AMBULE<\/strong><\/h3>\n<p><span style=\"font-weight: 400;\">1.<\/span><span style=\"font-weight: 400;\">\u00ba Ces conditions g\u00e9n\u00e9rales de vente sont accord\u00e9es entre <strong>DRT RAPID &#8211; PROT\u00d3TIPOS E MOLDES, LDA.<\/strong>, avec si\u00e8ge social \u00e0 Rua dos Marinheiros, Lote 6, n.\u00ba 146, Zona Industrial da Cova das Faias \u2013 Zicofa, 2415-806 Leiria, n\u00ba registe du commerce et des soci\u00e9t\u00e9s 504 805 657 et contact +351 936 001 973, dor\u00e9navant d\u00e9sign\u00e9e par \u201c<strong>DRT RAPID<\/strong>\u201d et les personnes souhaitant effectuer des achats sur le site web <a href=\"https:\/\/kyper.drt-group.com\/\" target=\"_blank\" rel=\"noopener\">https:\/\/kyper.drt-group.com\/<\/a> dor\u00e9navant d\u00e9sign\u00e9es par \u201cUtilisateur\u201d.<\/span><\/p>\n<p><span style=\"font-weight: 400;\">2.\u00ba L\u2019utilisateur qui souhaite acheter sur le site web <a href=\"https:\/\/kyper.drt-group.com\/\" target=\"_blank\" rel=\"noopener\">https:\/\/kyper.drt-group.com\/<\/a> d\u00e9clare avoir pleine capacit\u00e9 juridique. <\/span><\/p>\n<p><span style=\"font-weight: 400;\">\u00a0<\/span><span style=\"font-weight: 400;\">3.<\/span><span style=\"font-weight: 400;\">\u00ba Les parties conviennent que les achats effectu\u00e9s sur le site web <a href=\"https:\/\/kyper.drt-group.com\/\" target=\"_blank\" rel=\"noopener\">https:\/\/kyper.drt-group.com\/<\/a> seront r\u00e9glement\u00e9s exclusivement par le pr\u00e9sent contrat \u00e0 l\u2019exclusion de toutes conditions disponibles au pr\u00e9alable sur le site web <a href=\"https:\/\/kyper.drt-group.com\/\" target=\"_blank\" rel=\"noopener\">https:\/\/kyper.drt-group.com\/<\/a>.<\/span><\/p>\n<p>&nbsp;<\/p>\n<hr \/>\n<h3 style=\"text-align: center;\"><strong>ARTICLE 1 \u2013 OBJET<\/strong><\/h3>\n<p><span style=\"font-weight: 400;\">1.\u00ba Les pr\u00e9sentes conditions g\u00e9n\u00e9rales de vente ont pour objet de mettre \u00e0 disposition et de d\u00e9finir toutes les informations n\u00e9cessaires \u00e0 l\u2019Utilisateur sur les modalit\u00e9s de commande, de vente, de paiement et de livraison des achats effectu\u00e9s sur le site web<\/span><span style=\"font-weight: 400;\">\u00a0https:\/\/kyper.drt-group.com\/.<\/span><\/p>\n<p><span style=\"font-weight: 400;\">\u00a0<\/span><span style=\"font-weight: 400;\">2.\u00ba Ces conditions r\u00e9glementent toutes les \u00e9tapes n\u00e9cessaires pour effectuer la commande et garantissent le suivi de cette commande entre les Parties Contractantes.<\/span><\/p>\n<p><span style=\"font-weight: 400;\">3.\u00ba L\u2019utilisateur d\u00e9clare avoir pris connaissance des pr\u00e9sentes conditions g\u00e9n\u00e9rales de vente avant sa commande et du fait que commander une (des) visi\u00e8re(s) KYPER sur le site web \u00a0<a href=\"https:\/\/kyper.drt-group.com\/\">https:\/\/kyper.drt-group.com\/<\/a> implique l\u2019acceptation sans r\u00e9serve de la part de l\u2019Utilisateur et son adh\u00e9sion pr\u00e9alable, pleine et totale aux pr\u00e9sentes conditions g\u00e9n\u00e9rales de vente. <\/span><\/p>\n<p><span style=\"font-weight: 400;\">4.\u00ba DRT RAPID se r\u00e9serve la possibilit\u00e9 de modifier \u00e0 tout moment les pr\u00e9sentes conditions g\u00e9n\u00e9rales de vente, sachant que les conditions g\u00e9n\u00e9rales de vente applicables \u00e0 toute commande sont celles qui ont \u00e9t\u00e9 accept\u00e9es par l\u2019Utilisateur lors de la validation de sa commande. <\/span><\/p>\n<hr \/>\n<h3 style=\"text-align: center;\"><strong>ARTICLE 2 &#8211; COMMANDE<\/strong><\/h3>\n<p><span style=\"font-weight: 400;\">1.\u00ba L\u2019Utilisateur r\u00e9alise sa commande lors de la conclusion du processus d\u2019achat pr\u00e9sent\u00e9 sur le site web <a href=\"https:\/\/kyper.drt-group.com\/\">https:\/\/kyper.drt-group.com\/<\/a>, en ajoutant au panier d\u2019achat la (les) visi\u00e8re(s) KYPER qu\u2019il souhaite commander: <\/span><\/p>\n<p><span style=\"font-weight: 400;\">\u00a0<\/span><span style=\"font-weight: 400;\">2.\u00ba Pour envoyer sa commande, l\u2019Utilisateur devra: <\/span><\/p>\n<ol>\n<li><span style=\"font-weight: 400;\">S\u2019inscrire sur le site web\u00a0 <\/span><a href=\"https:\/\/kyper.drt-group.com\/\"><span style=\"font-weight: 400;\">https:\/\/kyper.drt-group.com\/<\/span><\/a><span style=\"font-weight: 400;\">, en fournissant \u00e0 ces fins les informations qui y sont demand\u00e9es. L\u2019utilisateur est inform\u00e9 et accepte que l\u2019introduction de tout \u00e9l\u00e9ment d\u2019identification fera preuve de son identit\u00e9 et il en exprime son consentement.<\/span><\/li>\n<li><span style=\"font-weight: 400;\">Faire l\u2019ouverture de session (en fournissant une combinaison d\u2019e-mail et de mot de passe choisis par l\u2019Utilisateur lors de son inscription).<\/span><\/li>\n<li><span style=\"font-weight: 400;\">Compl\u00e9ter l\u2019information et choisir les options qui vous sont mises \u00e0 disposition tout au long du processus de la commande (adresse de livraison et de facturation, moyen d\u2019exp\u00e9dition, mode de paiement, ainsi que le num\u00e9ro fiscal et le nom que vous souhaitez voir appara\u00eetre sur la facture).<\/span><\/li>\n<\/ol>\n<p><span style=\"font-weight: 400;\">3.\u00ba La confirmation finale de la commande par l\u2019Utilisateur \u00e9quivaut \u00e0 l\u2019acceptation plaine et totale des prix et de la description des produits disponibles en vente ainsi que de ces Conditions G\u00e9n\u00e9rales de Vente qui seront les seules applicables au contrat ainsi conclu. <\/span><\/p>\n<p><span style=\"font-weight: 400;\">4.\u00ba DRT RAPID honorera les commandes re\u00e7ues en ligne uniquement dans la limite des stocks disponibles. En cas de manque de disponibilit\u00e9 du produit, DRT RAPID s\u2019engage \u00e0 informer l\u2019Utilisateur d\u00e8s que possible.<\/span><\/p>\n<p><span style=\"font-weight: 400;\">5.\u00ba Les donn\u00e9es mentionn\u00e9es sur la facture sont de l\u2019enti\u00e8re responsabilit\u00e9 de l\u2019Utilisateur. Apr\u00e8s \u00e9mission de la facture, la m\u00eame ne pourra \u00eatre r\u00e9-\u00e9mise avec des modifications. <\/span><\/p>\n<p><span style=\"font-weight: 400;\">6.\u00ba Les demandes de commande ont une validit\u00e9 de dix jours, sauf si la commande a \u00e9t\u00e9 enregistr\u00e9e lors une campagne promotionnelle qui d\u00e9finit un d\u00e9lai diff\u00e9rent, o\u00f9 il n\u2019est pas possible de garantir les prix, les remises, les promotions et les offres au-del\u00e0 de ce d\u00e9lai. Au cas o\u00f9 la r\u00e9ception du paiement de la ladite commande n\u2019est pas confirm\u00e9e dans le d\u00e9lai mentionn\u00e9, la commande ne pourra pas \u00eatre valid\u00e9e. Tout montant re\u00e7u apr\u00e8s cette date sera rembours\u00e9 ou utilis\u00e9 lors d\u2019une nouvelle commande. <\/span><\/p>\n<hr \/>\n<h3 style=\"text-align: center;\"><strong>ARTICLE 3 &#8211; PAIEMENT<\/strong><\/h3>\n<p><span style=\"font-weight: 400;\">1.\u00ba Apr\u00e8s avoir pris connaissance de l\u2019\u00e9tat de sa commande, et apr\u00e8s avoir fourni les renseignements qui lui ont \u00e9t\u00e9 demand\u00e9s, l\u2019Utilisateur choisira le mode de paiement qu\u2019il souhaite utiliser pour r\u00e9gler sa commande. <\/span><\/p>\n<p><span style=\"font-weight: 400;\">2.\u00ba Sur le site web <a href=\"https:\/\/kyper.drt-group.com\/\">https:\/\/kyper.drt-group.com\/<\/a>, DRT RAPID propose \u00e0 l\u2019Utilisateur les suivantes modalit\u00e9s de paiement via Easypay &#8211; Institui\u00e7\u00e3o de Pagamento Lda: <\/span><\/p>\n<ol>\n<li style=\"font-weight: 400;\" aria-level=\"1\"><span style=\"font-weight: 400;\">Carte de cr\u00e9dit (Visa, Mastercard)<\/span><\/li>\n<li style=\"font-weight: 400;\" aria-level=\"1\"><span style=\"font-weight: 400;\">Carte bancaire<\/span><\/li>\n<li style=\"font-weight: 400;\" aria-level=\"1\"><span style=\"font-weight: 400;\">Virement<\/span><\/li>\n<li style=\"font-weight: 400;\" aria-level=\"1\"><span style=\"font-weight: 400;\">Paypal;<\/span><\/li>\n<\/ol>\n<p><span style=\"font-weight: 400;\">2.\u00ba En cas de paiement avec carte de cr\u00e9dit, le d\u00e9bit sera effectu\u00e9 sur la carte de l\u2019Utilisateur imm\u00e9diatement apr\u00e8s confirmation de l\u2019exp\u00e9dition de la marchandise. Si certains produits command\u00e9s sont en rupture de stock, le montant correspondant sera cr\u00e9dit\u00e9 sur la carte de l\u2019Utilisateur, apr\u00e8s fermeture de la comande. <\/span><\/p>\n<hr \/>\n<h3 style=\"text-align: center;\"><strong>ARTICLE 4 \u2013 LIVRAISON<\/strong><\/h3>\n<p><span style=\"font-weight: 400;\">1.\u00ba La livraison des commandes sera faite jusqu\u2019\u00e0 10 jours apr\u00e8s confirmation de votre paiement. La soci\u00e9t\u00e9 responsable par le transport sera clairement identifi\u00e9e lors de la confirmation de comande. <\/span><\/p>\n<p><span style=\"font-weight: 400;\">2.\u00ba Les frais de livraison sont ajout\u00e9s \u00e0 la commande. Le montant des frais de transport seront clairement indiqu\u00e9s lors de la confirmation de commande, avant le r\u00e8glement.<\/span><\/p>\n<hr \/>\n<h3 style=\"text-align: center;\"><strong>ARTICLE 5 \u2013 PRIX<\/strong><\/h3>\n<p><span style=\"font-weight: 400;\">1.\u00ba Les prix sont en Euro, avec taxes et imp\u00f4ts inclus, en prenant en compte la taxe TVA en vigueur \u00e0 la date du r\u00e8glement de la commande.<\/span><\/p>\n<p><span style=\"font-weight: 400;\">\u00a0<\/span><span style=\"font-weight: 400;\">2.\u00ba S\u2019il y a lieu \u00e0 une augmentation du Prix d\u2019un des produits, l\u2019Utilisateur sera inform\u00e9 imm\u00e9diatement, et il pourra choisir entre recevoir sa commande (en effectuant le r\u00e8glement de la diff\u00e9rence) ou l\u2019annuler. <\/span><\/p>\n<hr \/>\n<h3 style=\"text-align: center;\"><strong>ARTICLE 6 &#8211; ANNULATION ET RETOUR<\/strong><\/h3>\n<p><span style=\"font-weight: 400;\">1.\u00ba <\/span><span style=\"font-weight: 400;\">Le processus d\u2019annulation ou de retour est trait\u00e9 au cas par cas par DRT RAPID. <\/span><span style=\"font-weight: 400;\">La demande devra parvenir par \u00e9crit au e-mail de contact <a href=\"mailto:kyper@drt-group.com\">kyper@drt-group.com<\/a>, jusqu\u2019\u00e0 14 jours apr\u00e8s la r\u00e9ception de la comande. Les instructions d\u2019annulation ou de retour de la marchandise sont r\u00e9pondues et d\u00e9finies par DRT RAPID, par le m\u00eame moyen de communication. <\/span><\/p>\n<p><span style=\"font-weight: 400;\">2.\u00ba Autant que possible, le remboursement doit se faire par la m\u00eame voie de celle du r\u00e8glement, mais si cela n\u2019est pas possible, l\u2019utilisateur devra pr\u00e9senter des pi\u00e8ces justificatives du paiement et du titulaire du compte ou de la carte, afin que le remboursement soit r\u00e9alis\u00e9 par Virement Bancaire. <\/span><\/p>\n<p><span style=\"font-weight: 400;\">3.\u00ba <\/span><span style=\"font-weight: 400;\">DRT RAPID s\u2019engage \u00e0 rembourser l\u2019Utilisateur dans le d\u00e9lai de 14 jours \u00e0 compter de la date o\u00f9 elle est inform\u00e9e de la d\u00e9cision de l\u2019Utilisateur.\u00a0<\/span><\/p>\n<p><span style=\"font-weight: 400;\">4.\u00ba Les produits retourn\u00e9s doivent obligatoirement \u00eatre dans des conditions de vente, c\u2019est-\u00e0-dire dans le m\u00eame \u00e9tat que celui o\u00f9 ils sont arriv\u00e9s aux mains de l\u2019Utilisateur, sans aucune anomalie ou endommagement. <\/span><\/p>\n<p><span style=\"font-weight: 400;\">\u00a0<\/span><span style=\"font-weight: 400;\">5.\u00ba Si le montant r\u00e9sultant de l\u2019\u00e9change des produits d\u2019une commande est inf\u00e9rieur ou sup\u00e9rieur au montant initial de ladite commande, les conditions de d\u00e9compte seront indiqu\u00e9es par DRT RAPID. <\/span><\/p>\n<hr \/>\n<h3 style=\"text-align: center;\"><strong>ARTICLE 7 -POLITIQUE DE CONFIDENTIALIT\u00c9<\/strong><\/h3>\n<p>Le traitement de vos donn\u00e9es se fait dans le respect de la l\u00e9gislation sur la protection de donn\u00e9es personnelles. Celles-ci, soumises au traitement informatique, figureront sur la base de donn\u00e9es de DRT RAPID et celles-ci se destineront au registre et \u00e0 la pr\u00e9sentation d\u2019autres produits et services, ainsi qu\u2019\u00e0 l\u2019information institutionnelle.<\/p>\n<p>Le renseignement de ces donn\u00e9es est facultatif et il est garanti, dans les termes de la loi, le droit d\u2019acc\u00e8s, de rectification et d\u2019annulation de toute donn\u00e9e qui vous soit directement li\u00e9e, personnellement ou par voie \u00e9crite, directement sur l\u2019adresse mentionn\u00e9e sur la page d\u2019accueil de ce site web.<\/p>\n<hr \/>\n<h3 style=\"text-align: center;\"><strong>ARTICLE 8 &#8211; JURIDICTION COMP\u00c9TENTE ET R\u00c8GLEMENT ALTERNATIF DE LITIGES<\/strong><\/h3>\n<p><span style=\"font-weight: 400;\">1.\u00ba Sauf disposition l\u00e9gale imp\u00e9rative en mati\u00e8re de comp\u00e9tente du territoire, les parties sont d\u2019accord pour d\u00e9signer comme comp\u00e9tente la juridiction de l\u2019arrondissement judiciaire de Leiria, avec exclusion expresse de toute autre pour r\u00e9gler tous litiges d\u00e9coulants de l\u2019ex\u00e9cution du pr\u00e9sent Contrat.<\/span><\/p>\n<p><span style=\"font-weight: 400;\">2.\u00ba En cas de litige de consommation, selon disposition de l\u2019article 18\u00ba de la Loi n\u00ba 144\/2015, du 8 septembre, l\u2019Utilisateur peut faire appel \u00e0 un Centre d\u2019Arbitrage mentionn\u00e9 sur la Liste des Centres disponible sur la page de la Direction G\u00e9n\u00e9rale du Consommateur sur <a href=\"http:\/\/www.consumidor.gov.pt\/\">www.consumidor.gov.pt<\/a>.\u00a0<\/span><\/p>\n<p class=\"p1\"><span style=\"font-weight: 400;\">3.\u00ba Sans pr\u00e9judice des dispositions au num\u00e9ro pr\u00e9c\u00e9dent, l\u2019Utilisateur peut pr\u00e9senter sa R\u00e9clamation \u00e0 DRT RAPID, dans Livre de R\u00e9clamation Physique disponible dans les locaux de DRT RAPID, ou \u00e0 travers le Livre de R\u00e9clamations Electronique, disponible sur le site <a href=\"https:\/\/www.livroreclamacoes.pt\/inicio\">https:\/\/www.livroreclamacoes.pt\/inicio<\/a>.<\/span><\/p>\n<p><\/p>","protected":false},"excerpt":{"rendered":"<p>PR\u00c9AMBULE 1.\u00ba Ces conditions g\u00e9n\u00e9rales de vente sont accord\u00e9es entre DRT RAPID &#8211; PROT\u00d3TIPOS E MOLDES, LDA., avec si\u00e8ge social \u00e0 Rua dos Marinheiros, Lote 6, n.\u00ba 146, Zona Industrial da Cova das Faias \u2013 Zicofa, 2415-806 Leiria, n\u00ba registe du commerce et des soci\u00e9t\u00e9s 504 805 657 et contact +351 936 001 973, dor\u00e9navant [&hellip;]<\/p>\n","protected":false},"author":1,"featured_media":0,"parent":0,"menu_order":0,"comment_status":"closed","ping_status":"closed","template":"","meta":[],"yoast_head":"<!-- This site is optimized with the Yoast SEO plugin v20.0 - https:\/\/yoast.com\/wordpress\/plugins\/seo\/ -->\n<title>Termes et Conditions - Kyper<\/title>\n<meta name=\"robots\" content=\"index, follow, max-snippet:-1, max-image-preview:large, max-video-preview:-1\" \/>\n<link rel=\"canonical\" href=\"https:\/\/kyper.drt-group.com\/en\/termos-e-condicoes\/\" \/>\n<meta property=\"og:locale\" content=\"fr_FR\" \/>\n<meta property=\"og:type\" content=\"article\" \/>\n<meta property=\"og:title\" content=\"Termes et Conditions - Kyper\" \/>\n<meta property=\"og:description\" content=\"PR\u00c9AMBULE 1.\u00ba Ces conditions g\u00e9n\u00e9rales de vente sont accord\u00e9es entre DRT RAPID &#8211; PROT\u00d3TIPOS E MOLDES, LDA., avec si\u00e8ge social \u00e0 Rua dos Marinheiros, Lote 6, n.\u00ba 146, Zona Industrial da Cova das Faias \u2013 Zicofa, 2415-806 Leiria, n\u00ba registe du commerce et des soci\u00e9t\u00e9s 504 805 657 et contact +351 936 001 973, dor\u00e9navant [&hellip;]\" \/>\n<meta property=\"og:url\" content=\"https:\/\/kyper.drt-group.com\/en\/termos-e-condicoes\/\" \/>\n<meta property=\"og:site_name\" content=\"Kyper\" \/>\n<meta property=\"article:modified_time\" content=\"2021-03-23T11:40:06+00:00\" \/>\n<meta name=\"twitter:card\" content=\"summary_large_image\" \/>\n<meta name=\"twitter:label1\" content=\"Dur\u00e9e de lecture estim\u00e9e\" \/>\n\t<meta name=\"twitter:data1\" content=\"6 minutes\" \/>\n<script type=\"application\/ld+json\" class=\"yoast-schema-graph\">{\"@context\":\"https:\/\/schema.org\",\"@graph\":[{\"@type\":\"WebPage\",\"@id\":\"https:\/\/kyper.drt-group.com\/en\/termos-e-condicoes\/\",\"url\":\"https:\/\/kyper.drt-group.com\/en\/termos-e-condicoes\/\",\"name\":\"[:pt]Termos e Condi\u00e7\u00f5es[:en]Terms and Conditions[:fr]Termes et Conditions[:] - Kyper\",\"isPartOf\":{\"@id\":\"https:\/\/kyper.drt-group.com\/#website\"},\"datePublished\":\"2021-02-11T15:03:32+00:00\",\"dateModified\":\"2021-03-23T11:40:06+00:00\",\"breadcrumb\":{\"@id\":\"https:\/\/kyper.drt-group.com\/en\/termos-e-condicoes\/#breadcrumb\"},\"inLanguage\":\"fr-FR\",\"potentialAction\":[{\"@type\":\"ReadAction\",\"target\":[\"https:\/\/kyper.drt-group.com\/en\/termos-e-condicoes\/\"]}]},{\"@type\":\"BreadcrumbList\",\"@id\":\"https:\/\/kyper.drt-group.com\/en\/termos-e-condicoes\/#breadcrumb\",\"itemListElement\":[{\"@type\":\"ListItem\",\"position\":1,\"name\":\"Home\",\"item\":\"https:\/\/kyper.drt-group.com\/\"},{\"@type\":\"ListItem\",\"position\":2,\"name\":\"Terms and Conditions\"}]},{\"@type\":\"WebSite\",\"@id\":\"https:\/\/kyper.drt-group.com\/#website\",\"url\":\"https:\/\/kyper.drt-group.com\/\",\"name\":\"Kyper\",\"description\":\"Viseira de prote\u00e7\u00e3o individual DRT\",\"potentialAction\":[{\"@type\":\"SearchAction\",\"target\":{\"@type\":\"EntryPoint\",\"urlTemplate\":\"https:\/\/kyper.drt-group.com\/?s={search_term_string}\"},\"query-input\":\"required name=search_term_string\"}],\"inLanguage\":\"fr-FR\"}]}<\/script>\n<!-- \/ Yoast SEO plugin. -->","yoast_head_json":{"title":"Termes et Conditions - Kyper","robots":{"index":"index","follow":"follow","max-snippet":"max-snippet:-1","max-image-preview":"max-image-preview:large","max-video-preview":"max-video-preview:-1"},"canonical":"https:\/\/kyper.drt-group.com\/en\/termos-e-condicoes\/","og_locale":"fr_FR","og_type":"article","og_title":"Termes et Conditions - Kyper","og_description":"PR\u00c9AMBULE 1.\u00ba Ces conditions g\u00e9n\u00e9rales de vente sont accord\u00e9es entre DRT RAPID &#8211; PROT\u00d3TIPOS E MOLDES, LDA., avec si\u00e8ge social \u00e0 Rua dos Marinheiros, Lote 6, n.\u00ba 146, Zona Industrial da Cova das Faias \u2013 Zicofa, 2415-806 Leiria, n\u00ba registe du commerce et des soci\u00e9t\u00e9s 504 805 657 et contact +351 936 001 973, dor\u00e9navant [&hellip;]","og_url":"https:\/\/kyper.drt-group.com\/en\/termos-e-condicoes\/","og_site_name":"Kyper","article_modified_time":"2021-03-23T11:40:06+00:00","twitter_card":"summary_large_image","twitter_misc":{"Dur\u00e9e de lecture estim\u00e9e":"6 minutes"},"schema":{"@context":"https:\/\/schema.org","@graph":[{"@type":"WebPage","@id":"https:\/\/kyper.drt-group.com\/en\/termos-e-condicoes\/","url":"https:\/\/kyper.drt-group.com\/en\/termos-e-condicoes\/","name":"[:pt]Termos e Condi\u00e7\u00f5es[:en]Terms and Conditions[:fr]Termes et Conditions[:] - Kyper","isPartOf":{"@id":"https:\/\/kyper.drt-group.com\/#website"},"datePublished":"2021-02-11T15:03:32+00:00","dateModified":"2021-03-23T11:40:06+00:00","breadcrumb":{"@id":"https:\/\/kyper.drt-group.com\/en\/termos-e-condicoes\/#breadcrumb"},"inLanguage":"fr-FR","potentialAction":[{"@type":"ReadAction","target":["https:\/\/kyper.drt-group.com\/en\/termos-e-condicoes\/"]}]},{"@type":"BreadcrumbList","@id":"https:\/\/kyper.drt-group.com\/en\/termos-e-condicoes\/#breadcrumb","itemListElement":[{"@type":"ListItem","position":1,"name":"Home","item":"https:\/\/kyper.drt-group.com\/"},{"@type":"ListItem","position":2,"name":"Terms and Conditions"}]},{"@type":"WebSite","@id":"https:\/\/kyper.drt-group.com\/#website","url":"https:\/\/kyper.drt-group.com\/","name":"Kyper","description":"Viseira de prote\u00e7\u00e3o individual DRT","potentialAction":[{"@type":"SearchAction","target":{"@type":"EntryPoint","urlTemplate":"https:\/\/kyper.drt-group.com\/?s={search_term_string}"},"query-input":"required name=search_term_string"}],"inLanguage":"fr-FR"}]}},"_links":{"self":[{"href":"https:\/\/kyper.drt-group.com\/fr\/wp-json\/wp\/v2\/pages\/640"}],"collection":[{"href":"https:\/\/kyper.drt-group.com\/fr\/wp-json\/wp\/v2\/pages"}],"about":[{"href":"https:\/\/kyper.drt-group.com\/fr\/wp-json\/wp\/v2\/types\/page"}],"author":[{"embeddable":true,"href":"https:\/\/kyper.drt-group.com\/fr\/wp-json\/wp\/v2\/users\/1"}],"replies":[{"embeddable":true,"href":"https:\/\/kyper.drt-group.com\/fr\/wp-json\/wp\/v2\/comments?post=640"}],"version-history":[{"count":11,"href":"https:\/\/kyper.drt-group.com\/fr\/wp-json\/wp\/v2\/pages\/640\/revisions"}],"predecessor-version":[{"id":800,"href":"https:\/\/kyper.drt-group.com\/fr\/wp-json\/wp\/v2\/pages\/640\/revisions\/800"}],"wp:attachment":[{"href":"https:\/\/kyper.drt-group.com\/fr\/wp-json\/wp\/v2\/media?parent=640"}],"curies":[{"name":"wp","href":"https:\/\/api.w.org\/{rel}","templated":true}]}}