{"id":739,"date":"2021-03-05T08:49:39","date_gmt":"2021-03-05T08:49:39","guid":{"rendered":"https:\/\/kyper.drt-group.com\/?post_type=product&#038;p=739"},"modified":"2026-03-25T10:25:36","modified_gmt":"2026-03-25T10:25:36","slug":"protecao-facial-sem-abas-kyper","status":"publish","type":"product","link":"https:\/\/kyper.drt-group.com\/fr\/product\/protecao-facial-sem-abas-kyper\/","title":{"rendered":"Protection Visage (sans languettes)"},"content":{"rendered":"","protected":false},"excerpt":{"rendered":"<p><span style=\"font-weight: 400;\">Achetez la protection visage avec les pattes d\u2019ajustage aux languettes que vous pourrez changer facilement. La finition de surface garantit votre confort en assurant un maximum de protection. <\/span><\/p>\n","protected":false},"featured_media":745,"comment_status":"open","ping_status":"closed","template":"","meta":[],"product_cat":[24],"product_tag":[],"yoast_head":"<!-- This site is optimized with the Yoast SEO plugin v20.0 - https:\/\/yoast.com\/wordpress\/plugins\/seo\/ -->\n<title>Protection Visage (sans languettes) - Kyper<\/title>\n<meta name=\"description\" content=\"Adquira a prote\u00e7\u00e3o facial com encaixes para adapta\u00e7\u00e3o \u00e0s abas, que poder\u00e1 trocar de forma pr\u00e1tica.\" \/>\n<meta name=\"robots\" content=\"index, follow, max-snippet:-1, max-image-preview:large, max-video-preview:-1\" \/>\n<link rel=\"canonical\" href=\"https:\/\/kyper.drt-group.com\/product\/protecao-facial-sem-abas-kyper\/\" \/>\n<meta property=\"og:locale\" content=\"fr_FR\" \/>\n<meta property=\"og:type\" content=\"article\" \/>\n<meta property=\"og:title\" content=\"Protection Visage (sans languettes) - Kyper\" \/>\n<meta property=\"og:description\" content=\"Adquira a prote\u00e7\u00e3o facial com encaixes para adapta\u00e7\u00e3o \u00e0s abas, que poder\u00e1 trocar de forma pr\u00e1tica.\" \/>\n<meta property=\"og:url\" content=\"https:\/\/kyper.drt-group.com\/product\/protecao-facial-sem-abas-kyper\/\" \/>\n<meta property=\"og:site_name\" content=\"Kyper\" \/>\n<meta property=\"article:modified_time\" content=\"2026-03-25T10:25:36+00:00\" \/>\n<meta property=\"og:image\" content=\"https:\/\/kyper.drt-group.com\/wp-content\/uploads\/Viseira-Kyper-Protecao-Facial.jpg\" \/>\n\t<meta property=\"og:image:width\" content=\"1200\" \/>\n\t<meta property=\"og:image:height\" content=\"1200\" \/>\n\t<meta property=\"og:image:type\" content=\"image\/jpeg\" \/>\n<meta name=\"twitter:card\" content=\"summary_large_image\" \/>\n<script type=\"application\/ld+json\" class=\"yoast-schema-graph\">{\"@context\":\"https:\/\/schema.org\",\"@graph\":[{\"@type\":\"WebPage\",\"@id\":\"https:\/\/kyper.drt-group.com\/product\/protecao-facial-sem-abas-kyper\/\",\"url\":\"https:\/\/kyper.drt-group.com\/product\/protecao-facial-sem-abas-kyper\/\",\"name\":\"[:pt]Prote\u00e7\u00e3o Facial (sem abas)[:en]Face Shield (no flaps)[:fr]Protection Visage (sans languettes)[:] - Kyper\",\"isPartOf\":{\"@id\":\"https:\/\/kyper.drt-group.com\/#website\"},\"datePublished\":\"2021-03-05T08:49:39+00:00\",\"dateModified\":\"2026-03-25T10:25:36+00:00\",\"description\":\"Adquira a prote\u00e7\u00e3o facial com encaixes para adapta\u00e7\u00e3o \u00e0s abas, que poder\u00e1 trocar de forma pr\u00e1tica.\",\"breadcrumb\":{\"@id\":\"https:\/\/kyper.drt-group.com\/product\/protecao-facial-sem-abas-kyper\/#breadcrumb\"},\"inLanguage\":\"fr-FR\",\"potentialAction\":[{\"@type\":\"ReadAction\",\"target\":[\"https:\/\/kyper.drt-group.com\/product\/protecao-facial-sem-abas-kyper\/\"]}]},{\"@type\":\"BreadcrumbList\",\"@id\":\"https:\/\/kyper.drt-group.com\/product\/protecao-facial-sem-abas-kyper\/#breadcrumb\",\"itemListElement\":[{\"@type\":\"ListItem\",\"position\":1,\"name\":\"Home\",\"item\":\"https:\/\/kyper.drt-group.com\/\"},{\"@type\":\"ListItem\",\"position\":2,\"name\":\"Produtos\",\"item\":\"https:\/\/kyper.drt-group.com\/shop-kyper\/\"},{\"@type\":\"ListItem\",\"position\":3,\"name\":\"Prote\u00e7\u00e3o Facial (sem abas)\"}]},{\"@type\":\"WebSite\",\"@id\":\"https:\/\/kyper.drt-group.com\/#website\",\"url\":\"https:\/\/kyper.drt-group.com\/\",\"name\":\"Kyper\",\"description\":\"Viseira de prote\u00e7\u00e3o individual DRT\",\"potentialAction\":[{\"@type\":\"SearchAction\",\"target\":{\"@type\":\"EntryPoint\",\"urlTemplate\":\"https:\/\/kyper.drt-group.com\/?s={search_term_string}\"},\"query-input\":\"required name=search_term_string\"}],\"inLanguage\":\"fr-FR\"}]}<\/script>\n<!-- \/ Yoast SEO plugin. -->","yoast_head_json":{"title":"Protection Visage (sans languettes) - Kyper","description":"Adquira a prote\u00e7\u00e3o facial com encaixes para adapta\u00e7\u00e3o \u00e0s abas, que poder\u00e1 trocar de forma pr\u00e1tica.","robots":{"index":"index","follow":"follow","max-snippet":"max-snippet:-1","max-image-preview":"max-image-preview:large","max-video-preview":"max-video-preview:-1"},"canonical":"https:\/\/kyper.drt-group.com\/product\/protecao-facial-sem-abas-kyper\/","og_locale":"fr_FR","og_type":"article","og_title":"Protection Visage (sans languettes) - Kyper","og_description":"Adquira a prote\u00e7\u00e3o facial com encaixes para adapta\u00e7\u00e3o \u00e0s abas, que poder\u00e1 trocar de forma pr\u00e1tica.","og_url":"https:\/\/kyper.drt-group.com\/product\/protecao-facial-sem-abas-kyper\/","og_site_name":"Kyper","article_modified_time":"2026-03-25T10:25:36+00:00","og_image":[{"width":1200,"height":1200,"url":"https:\/\/kyper.drt-group.com\/wp-content\/uploads\/Viseira-Kyper-Protecao-Facial.jpg","type":"image\/jpeg"}],"twitter_card":"summary_large_image","schema":{"@context":"https:\/\/schema.org","@graph":[{"@type":"WebPage","@id":"https:\/\/kyper.drt-group.com\/product\/protecao-facial-sem-abas-kyper\/","url":"https:\/\/kyper.drt-group.com\/product\/protecao-facial-sem-abas-kyper\/","name":"[:pt]Prote\u00e7\u00e3o Facial (sem abas)[:en]Face Shield (no flaps)[:fr]Protection Visage (sans languettes)[:] - Kyper","isPartOf":{"@id":"https:\/\/kyper.drt-group.com\/#website"},"datePublished":"2021-03-05T08:49:39+00:00","dateModified":"2026-03-25T10:25:36+00:00","description":"Adquira a prote\u00e7\u00e3o facial com encaixes para adapta\u00e7\u00e3o \u00e0s abas, que poder\u00e1 trocar de forma pr\u00e1tica.","breadcrumb":{"@id":"https:\/\/kyper.drt-group.com\/product\/protecao-facial-sem-abas-kyper\/#breadcrumb"},"inLanguage":"fr-FR","potentialAction":[{"@type":"ReadAction","target":["https:\/\/kyper.drt-group.com\/product\/protecao-facial-sem-abas-kyper\/"]}]},{"@type":"BreadcrumbList","@id":"https:\/\/kyper.drt-group.com\/product\/protecao-facial-sem-abas-kyper\/#breadcrumb","itemListElement":[{"@type":"ListItem","position":1,"name":"Home","item":"https:\/\/kyper.drt-group.com\/"},{"@type":"ListItem","position":2,"name":"Produtos","item":"https:\/\/kyper.drt-group.com\/shop-kyper\/"},{"@type":"ListItem","position":3,"name":"Prote\u00e7\u00e3o Facial (sem abas)"}]},{"@type":"WebSite","@id":"https:\/\/kyper.drt-group.com\/#website","url":"https:\/\/kyper.drt-group.com\/","name":"Kyper","description":"Viseira de prote\u00e7\u00e3o individual DRT","potentialAction":[{"@type":"SearchAction","target":{"@type":"EntryPoint","urlTemplate":"https:\/\/kyper.drt-group.com\/?s={search_term_string}"},"query-input":"required name=search_term_string"}],"inLanguage":"fr-FR"}]}},"_links":{"self":[{"href":"https:\/\/kyper.drt-group.com\/fr\/wp-json\/wp\/v2\/product\/739"}],"collection":[{"href":"https:\/\/kyper.drt-group.com\/fr\/wp-json\/wp\/v2\/product"}],"about":[{"href":"https:\/\/kyper.drt-group.com\/fr\/wp-json\/wp\/v2\/types\/product"}],"replies":[{"embeddable":true,"href":"https:\/\/kyper.drt-group.com\/fr\/wp-json\/wp\/v2\/comments?post=739"}],"wp:featuredmedia":[{"embeddable":true,"href":"https:\/\/kyper.drt-group.com\/fr\/wp-json\/wp\/v2\/media\/745"}],"wp:attachment":[{"href":"https:\/\/kyper.drt-group.com\/fr\/wp-json\/wp\/v2\/media?parent=739"}],"wp:term":[{"taxonomy":"product_cat","embeddable":true,"href":"https:\/\/kyper.drt-group.com\/fr\/wp-json\/wp\/v2\/product_cat?post=739"},{"taxonomy":"product_tag","embeddable":true,"href":"https:\/\/kyper.drt-group.com\/fr\/wp-json\/wp\/v2\/product_tag?post=739"}],"curies":[{"name":"wp","href":"https:\/\/api.w.org\/{rel}","templated":true}]}}